{"id":52,"date":"2026-01-31T00:36:35","date_gmt":"2026-01-31T00:36:35","guid":{"rendered":"https:\/\/yomi-dus.de\/?page_id=52"},"modified":"2026-04-24T14:05:17","modified_gmt":"2026-04-24T14:05:17","slug":"impressum","status":"publish","type":"page","link":"https:\/\/yomi-dus.de\/en\/impressum\/","title":{"rendered":"Impressum"},"content":{"rendered":"<h1>Impressum<\/h1>\n<div>\n<style>\n#menu-list-widget > :nth-child(2) {\n  display: none;\n}\n<\/style>\n<\/div>\n<div>\n<p><strong>Impressum \u2013 Yomi<\/strong><\/p>\n<p>Yomi GmbH<br \/>Gesch\u00e4ftsf\u00fchrer: Yijing Guo<br \/>Flurstr. 14<br \/>40235 D\u00fcsseldorf <\/p>\n<p>HRB: 112577<br \/>USTID: DE366156173<\/p>\n<p>Tel.: 0211 58027719<br \/>E-Mail: info@yomi-dus.de<\/p>\n<p>Verantwortlich f\u00fcr den redaktionellen Inhalt: <br \/>Yijing Guo<\/p>\n<\/div>\n<p><!--more--><br \/>\n<!-- {\"type\":\"layout\",\"children\":[{\"type\":\"section\",\"props\":{\"height\":\"viewport\",\"height_viewport\":95.5,\"image_position\":\"center-center\",\"padding\":\"large\",\"style\":\"default\",\"title_breakpoint\":\"xl\",\"title_position\":\"top-left\",\"title_rotation\":\"left\",\"vertical_align\":\"middle\",\"width\":\"xlarge\"},\"children\":[{\"type\":\"row\",\"props\":{\"layout\":\"1-2,1-2\"},\"children\":[{\"type\":\"column\",\"props\":{\"image_position\":\"center-center\",\"position_sticky_breakpoint\":\"m\",\"width_medium\":\"1-2\"},\"children\":[{\"type\":\"headline\",\"props\":{\"content\":\"Impressum\",\"css\":\".el-element {\\n    color: #DEA432;\\n    font-weight: bold;\\n    font-style: italic;\\n    z-index:5;\\n    position:relative;\\n}\",\"image_align\":\"left\",\"image_margin\":\"xsmall\",\"title_element\":\"h1\"}}]},{\"type\":\"column\",\"props\":{\"image_position\":\"center-center\",\"position_sticky_breakpoint\":\"m\",\"width_medium\":\"1-2\"},\"children\":[{\"type\":\"html\",\"props\":{\"content\":\"\n\n<style>\\n#menu-list-widget > :nth-child(2) {\\n  display: none;\\n}\\n<\/style>\n\n\"}}]}]},{\"type\":\"row\",\"props\":{\"layout\":\"1-2,1-2\"},\"children\":[{\"type\":\"column\",\"props\":{\"image_position\":\"center-center\",\"position_sticky_breakpoint\":\"m\",\"width_medium\":\"1-2\"},\"children\":[{\"type\":\"text\",\"props\":{\"column_breakpoint\":\"m\",\"content\":\"\n\n<p><strong>Impressum \u2013 Yomi<\/strong>\n\nYomi GmbH<br \/>Gesch\u00e4ftsf\u00fchrer: Yijing Guo<br \/>Flurstr. 14<br \/>40235 D\u00fcsseldorf \n\nHRB: 112577<br \/>USTID: DE366156173\n\nTel.: 0211 58027719<br \/>E-Mail: info@yomi-dus.de\n\nVerantwortlich f\u00fcr den redaktionellen Inhalt: <br \/>Yijing Guo<\/p>\n\n\",\"css\":\".el-element {\\ncolor:#fff;\\nz-index:5;\\n}\",\"margin\":\"default\",\"margin_bottom\":\"default\",\"margin_top\":\"default\"}}]},{\"type\":\"column\",\"props\":{\"image_position\":\"center-center\",\"position_sticky_breakpoint\":\"m\",\"width_medium\":\"1-2\"}}]}]}],\"version\":\"5.0.9\"} --><\/p>\n","protected":false},"excerpt":{"rendered":"<p>Impressum Impressum \u2013 Yomi Yomi GmbHGesch\u00e4ftsf\u00fchrer: Yijing GuoFlurstr. 1440235 D\u00fcsseldorf HRB: 112577USTID: DE366156173 Tel.: 0211 58027719E-Mail: info@yomi-dus.de Verantwortlich f\u00fcr den redaktionellen Inhalt: Yijing Guo<\/p>\n","protected":false},"author":1,"featured_media":0,"parent":0,"menu_order":0,"comment_status":"closed","ping_status":"closed","template":"","meta":{"footnotes":""},"class_list":["post-52","page","type-page","status-publish","hentry"],"_links":{"self":[{"href":"https:\/\/yomi-dus.de\/en\/wp-json\/wp\/v2\/pages\/52","targetHints":{"allow":["GET"]}}],"collection":[{"href":"https:\/\/yomi-dus.de\/en\/wp-json\/wp\/v2\/pages"}],"about":[{"href":"https:\/\/yomi-dus.de\/en\/wp-json\/wp\/v2\/types\/page"}],"author":[{"embeddable":true,"href":"https:\/\/yomi-dus.de\/en\/wp-json\/wp\/v2\/users\/1"}],"replies":[{"embeddable":true,"href":"https:\/\/yomi-dus.de\/en\/wp-json\/wp\/v2\/comments?post=52"}],"version-history":[{"count":7,"href":"https:\/\/yomi-dus.de\/en\/wp-json\/wp\/v2\/pages\/52\/revisions"}],"predecessor-version":[{"id":137,"href":"https:\/\/yomi-dus.de\/en\/wp-json\/wp\/v2\/pages\/52\/revisions\/137"}],"wp:attachment":[{"href":"https:\/\/yomi-dus.de\/en\/wp-json\/wp\/v2\/media?parent=52"}],"curies":[{"name":"wp","href":"https:\/\/api.w.org\/{rel}","templated":true}]}}